{"id":25,"date":"2025-04-21T12:54:45","date_gmt":"2025-04-21T10:54:45","guid":{"rendered":"http:\/\/mercredisdeneige.fr\/?page_id=25"},"modified":"2025-05-04T20:46:43","modified_gmt":"2025-05-04T18:46:43","slug":"presentation","status":"publish","type":"page","link":"https:\/\/mercredisdeneige.fr\/?page_id=25","title":{"rendered":"Pr\u00e9sentation"},"content":{"rendered":"\n<h3 class=\"wp-block-heading\">Vocation de l&#8217;association<\/h3>\n\n\n\n<p>L\u2019association des Mercredis de Neige &#8211; Pays de Gex accueille tous les enfants du Pays de Gex qui souhaitent apprendre \u00e0 skier et pratiquer le ski dans un esprit dynamique, collectif et de loisir.<\/p>\n\n\n\n<p><\/p>\n\n\n\n<h3 class=\"wp-block-heading\">Fonctionnement<\/h3>\n\n\n\n<p>La saison des Mercredis de Neige &#8211; Pays de Gex se d\u00e9roule sur huit sorties en cars, aux d\u00e9parts\/retours de Cessy, Gex et Versonnex, les mercredis apr\u00e8s-midi de janvier \u00e0 mars, hors p\u00e9riodes de<br>vacances scolaires.<\/p>\n\n\n\n<p>Les Mercredis de Neige &#8211;\u00a0 Pays de Gex est une association loi 1901 affili\u00e9e \u00e0 l\u2019<a href=\"http:\/\/www.ufolep.org\/\" target=\"_blank\" rel=\"noreferrer noopener\">UFOLEP<\/a>, g\u00e9r\u00e9e et anim\u00e9e uniquement par des b\u00e9n\u00e9voles.<\/p>\n\n\n\n<p><\/p>\n\n\n\n<h3 class=\"wp-block-heading\">Encadrement<\/h3>\n\n\n\n<p>Les enfants entre 6 ans et 11 ans, skient par groupes de niveaux (max. 12 enfants par groupe), dans un encadrement mixte compos\u00e9 d&#8217;un moniteur professionnel (<a href=\"https:\/\/www.esf.net\/ecole-de-ski\/mijoux-la-faucille\/\" target=\"_blank\" rel=\"noreferrer noopener\">ESF<\/a> ou <a href=\"https:\/\/www.esi-faucille-mijoux-lavattay.com\/\" target=\"_blank\" rel=\"noreferrer noopener\">ESI<\/a>) ou d&#8217;un encadrant b\u00e9n\u00e9vole form\u00e9 (Brevet F\u00e9d\u00e9ral), et d&#8217;un second accompagnateur b\u00e9n\u00e9vole fermant le groupe. Ainsi, un groupe d\u2019enfants skis aux pieds est toujours encadr\u00e9 au minimum soit par deux encadrants, soit par un encadrant et un moniteur ESF\/ESI<\/p>\n\n\n\n<p>L\u2019encadrement des sorties couvre depuis la prise en charge des enfants et de leur mat\u00e9riel au moment du chargement des cars, jusqu\u2019au retour du car et la remise des enfants et du mat\u00e9riel \u00e0 leurs parents.<\/p>\n\n\n\n<p>A partir de la place de rassemblement au d\u00e9part des pistes et jusqu\u2019au retour sur cette m\u00eame place, l\u2019encadrement \u00ab ski aux pieds \u00bb est compl\u00e9t\u00e9 par la pr\u00e9sence des moniteurs ESF ou ESI.<br>Les moniteurs ESF ou ESI assurent leur pr\u00e9sence et leur cours dans des horaires d\u00e9finis (par d\u00e9faut : 14h-16h), et sont permut\u00e9s de groupes en groupe \u00e0 chaque sortie. L\u2019encadrant principal (responsable de groupe) de chaque groupe suit, en concertation avec les moniteurs ESF\/ESI, l\u2019\u00e9volution du niveau de ski de chaque enfant. <\/p>\n\n\n\n<p><\/p>\n","protected":false},"excerpt":{"rendered":"<p>Vocation de l&#8217;association L\u2019association des Mercredis de Neige &#8211; Pays de Gex accueille tous les enfants du Pays de Gex qui souhaitent apprendre \u00e0 skier [&hellip;]<\/p>\n","protected":false},"author":1,"featured_media":0,"parent":0,"menu_order":0,"comment_status":"closed","ping_status":"closed","template":"","meta":{"footnotes":""},"class_list":["post-25","page","type-page","status-publish","hentry"],"yoast_head":"<!-- This site is optimized with the Yoast SEO plugin v25.8 - https:\/\/yoast.com\/wordpress\/plugins\/seo\/ -->\n<title>Pr\u00e9sentation - Accueil<\/title>\n<meta name=\"description\" content=\"Ski Club Gex Enfants p\u00e9riscolaire neige jura cessy activit\u00e9 mercredi cours enfant faucille loisir groupe esf m\u00e9daille \u00e9toile flocon ourson presentation\" \/>\n<meta name=\"robots\" content=\"index, follow, max-snippet:-1, max-image-preview:large, max-video-preview:-1\" \/>\n<link rel=\"canonical\" href=\"https:\/\/mercredisdeneige.fr\/?page_id=25\" \/>\n<meta property=\"og:locale\" content=\"en_US\" \/>\n<meta property=\"og:type\" content=\"article\" \/>\n<meta property=\"og:title\" content=\"Pr\u00e9sentation - Accueil\" \/>\n<meta property=\"og:description\" content=\"Ski Club Gex Enfants p\u00e9riscolaire neige jura cessy activit\u00e9 mercredi cours enfant faucille loisir groupe esf m\u00e9daille \u00e9toile flocon ourson presentation\" \/>\n<meta property=\"og:url\" content=\"https:\/\/mercredisdeneige.fr\/?page_id=25\" \/>\n<meta property=\"og:site_name\" content=\"Accueil\" \/>\n<meta property=\"article:publisher\" content=\"https:\/\/www.facebook.com\/profile.php?id=61575116147025\" \/>\n<meta property=\"article:modified_time\" content=\"2025-05-04T18:46:43+00:00\" \/>\n<meta property=\"og:image\" content=\"https:\/\/mercredisdeneige.fr\/wp-content\/uploads\/2025\/04\/Logo-rouge-transparent-1.png\" \/>\n\t<meta property=\"og:image:width\" content=\"1934\" \/>\n\t<meta property=\"og:image:height\" content=\"1087\" \/>\n\t<meta property=\"og:image:type\" content=\"image\/png\" \/>\n<meta name=\"twitter:card\" content=\"summary_large_image\" \/>\n<meta name=\"twitter:label1\" content=\"Est. reading time\" \/>\n\t<meta name=\"twitter:data1\" content=\"2 minutes\" \/>\n<script type=\"application\/ld+json\" class=\"yoast-schema-graph\">{\"@context\":\"https:\/\/schema.org\",\"@graph\":[{\"@type\":\"WebPage\",\"@id\":\"https:\/\/mercredisdeneige.fr\/?page_id=25\",\"url\":\"https:\/\/mercredisdeneige.fr\/?page_id=25\",\"name\":\"Pr\u00e9sentation - Accueil\",\"isPartOf\":{\"@id\":\"https:\/\/mercredisdeneige.fr\/#website\"},\"datePublished\":\"2025-04-21T10:54:45+00:00\",\"dateModified\":\"2025-05-04T18:46:43+00:00\",\"description\":\"Ski Club Gex Enfants p\u00e9riscolaire neige jura cessy activit\u00e9 mercredi cours enfant faucille loisir groupe esf m\u00e9daille \u00e9toile flocon ourson presentation\",\"breadcrumb\":{\"@id\":\"https:\/\/mercredisdeneige.fr\/?page_id=25#breadcrumb\"},\"inLanguage\":\"en-US\",\"potentialAction\":[{\"@type\":\"ReadAction\",\"target\":[\"https:\/\/mercredisdeneige.fr\/?page_id=25\"]}]},{\"@type\":\"BreadcrumbList\",\"@id\":\"https:\/\/mercredisdeneige.fr\/?page_id=25#breadcrumb\",\"itemListElement\":[{\"@type\":\"ListItem\",\"position\":1,\"name\":\"Accueil\",\"item\":\"https:\/\/mercredisdeneige.fr\/\"},{\"@type\":\"ListItem\",\"position\":2,\"name\":\"Pr\u00e9sentation\"}]},{\"@type\":\"WebSite\",\"@id\":\"https:\/\/mercredisdeneige.fr\/#website\",\"url\":\"https:\/\/mercredisdeneige.fr\/\",\"name\":\"Mercredis de neige - Pays de Gex\",\"description\":\"Enseignement d\u00e9couverte et ski ludique pour tous les enfants du pays de gex !\",\"publisher\":{\"@id\":\"https:\/\/mercredisdeneige.fr\/#organization\"},\"potentialAction\":[{\"@type\":\"SearchAction\",\"target\":{\"@type\":\"EntryPoint\",\"urlTemplate\":\"https:\/\/mercredisdeneige.fr\/?s={search_term_string}\"},\"query-input\":{\"@type\":\"PropertyValueSpecification\",\"valueRequired\":true,\"valueName\":\"search_term_string\"}}],\"inLanguage\":\"en-US\"},{\"@type\":\"Organization\",\"@id\":\"https:\/\/mercredisdeneige.fr\/#organization\",\"name\":\"Mercredis de neige - Pays de Gex\",\"url\":\"https:\/\/mercredisdeneige.fr\/\",\"logo\":{\"@type\":\"ImageObject\",\"inLanguage\":\"en-US\",\"@id\":\"https:\/\/mercredisdeneige.fr\/#\/schema\/logo\/image\/\",\"url\":\"http:\/\/mercredisdeneige.fr\/wp-content\/uploads\/2025\/04\/Logo-rouge-transparent-1.png\",\"contentUrl\":\"http:\/\/mercredisdeneige.fr\/wp-content\/uploads\/2025\/04\/Logo-rouge-transparent-1.png\",\"width\":1934,\"height\":1087,\"caption\":\"Mercredis de neige - Pays de Gex\"},\"image\":{\"@id\":\"https:\/\/mercredisdeneige.fr\/#\/schema\/logo\/image\/\"},\"sameAs\":[\"https:\/\/www.facebook.com\/profile.php?id=61575116147025\",\"https:\/\/www.instagram.com\/mercredis_de_neige_pays_de_gex\/\"]}]}<\/script>\n<!-- \/ Yoast SEO plugin. -->","yoast_head_json":{"title":"Pr\u00e9sentation - Accueil","description":"Ski Club Gex Enfants p\u00e9riscolaire neige jura cessy activit\u00e9 mercredi cours enfant faucille loisir groupe esf m\u00e9daille \u00e9toile flocon ourson presentation","robots":{"index":"index","follow":"follow","max-snippet":"max-snippet:-1","max-image-preview":"max-image-preview:large","max-video-preview":"max-video-preview:-1"},"canonical":"https:\/\/mercredisdeneige.fr\/?page_id=25","og_locale":"en_US","og_type":"article","og_title":"Pr\u00e9sentation - Accueil","og_description":"Ski Club Gex Enfants p\u00e9riscolaire neige jura cessy activit\u00e9 mercredi cours enfant faucille loisir groupe esf m\u00e9daille \u00e9toile flocon ourson presentation","og_url":"https:\/\/mercredisdeneige.fr\/?page_id=25","og_site_name":"Accueil","article_publisher":"https:\/\/www.facebook.com\/profile.php?id=61575116147025","article_modified_time":"2025-05-04T18:46:43+00:00","og_image":[{"width":1934,"height":1087,"url":"https:\/\/mercredisdeneige.fr\/wp-content\/uploads\/2025\/04\/Logo-rouge-transparent-1.png","type":"image\/png"}],"twitter_card":"summary_large_image","twitter_misc":{"Est. reading time":"2 minutes"},"schema":{"@context":"https:\/\/schema.org","@graph":[{"@type":"WebPage","@id":"https:\/\/mercredisdeneige.fr\/?page_id=25","url":"https:\/\/mercredisdeneige.fr\/?page_id=25","name":"Pr\u00e9sentation - Accueil","isPartOf":{"@id":"https:\/\/mercredisdeneige.fr\/#website"},"datePublished":"2025-04-21T10:54:45+00:00","dateModified":"2025-05-04T18:46:43+00:00","description":"Ski Club Gex Enfants p\u00e9riscolaire neige jura cessy activit\u00e9 mercredi cours enfant faucille loisir groupe esf m\u00e9daille \u00e9toile flocon ourson presentation","breadcrumb":{"@id":"https:\/\/mercredisdeneige.fr\/?page_id=25#breadcrumb"},"inLanguage":"en-US","potentialAction":[{"@type":"ReadAction","target":["https:\/\/mercredisdeneige.fr\/?page_id=25"]}]},{"@type":"BreadcrumbList","@id":"https:\/\/mercredisdeneige.fr\/?page_id=25#breadcrumb","itemListElement":[{"@type":"ListItem","position":1,"name":"Accueil","item":"https:\/\/mercredisdeneige.fr\/"},{"@type":"ListItem","position":2,"name":"Pr\u00e9sentation"}]},{"@type":"WebSite","@id":"https:\/\/mercredisdeneige.fr\/#website","url":"https:\/\/mercredisdeneige.fr\/","name":"Mercredis de neige - Pays de Gex","description":"Enseignement d\u00e9couverte et ski ludique pour tous les enfants du pays de gex !","publisher":{"@id":"https:\/\/mercredisdeneige.fr\/#organization"},"potentialAction":[{"@type":"SearchAction","target":{"@type":"EntryPoint","urlTemplate":"https:\/\/mercredisdeneige.fr\/?s={search_term_string}"},"query-input":{"@type":"PropertyValueSpecification","valueRequired":true,"valueName":"search_term_string"}}],"inLanguage":"en-US"},{"@type":"Organization","@id":"https:\/\/mercredisdeneige.fr\/#organization","name":"Mercredis de neige - Pays de Gex","url":"https:\/\/mercredisdeneige.fr\/","logo":{"@type":"ImageObject","inLanguage":"en-US","@id":"https:\/\/mercredisdeneige.fr\/#\/schema\/logo\/image\/","url":"http:\/\/mercredisdeneige.fr\/wp-content\/uploads\/2025\/04\/Logo-rouge-transparent-1.png","contentUrl":"http:\/\/mercredisdeneige.fr\/wp-content\/uploads\/2025\/04\/Logo-rouge-transparent-1.png","width":1934,"height":1087,"caption":"Mercredis de neige - Pays de Gex"},"image":{"@id":"https:\/\/mercredisdeneige.fr\/#\/schema\/logo\/image\/"},"sameAs":["https:\/\/www.facebook.com\/profile.php?id=61575116147025","https:\/\/www.instagram.com\/mercredis_de_neige_pays_de_gex\/"]}]}},"_links":{"self":[{"href":"https:\/\/mercredisdeneige.fr\/index.php?rest_route=\/wp\/v2\/pages\/25","targetHints":{"allow":["GET"]}}],"collection":[{"href":"https:\/\/mercredisdeneige.fr\/index.php?rest_route=\/wp\/v2\/pages"}],"about":[{"href":"https:\/\/mercredisdeneige.fr\/index.php?rest_route=\/wp\/v2\/types\/page"}],"author":[{"embeddable":true,"href":"https:\/\/mercredisdeneige.fr\/index.php?rest_route=\/wp\/v2\/users\/1"}],"replies":[{"embeddable":true,"href":"https:\/\/mercredisdeneige.fr\/index.php?rest_route=%2Fwp%2Fv2%2Fcomments&post=25"}],"version-history":[{"count":7,"href":"https:\/\/mercredisdeneige.fr\/index.php?rest_route=\/wp\/v2\/pages\/25\/revisions"}],"predecessor-version":[{"id":109,"href":"https:\/\/mercredisdeneige.fr\/index.php?rest_route=\/wp\/v2\/pages\/25\/revisions\/109"}],"wp:attachment":[{"href":"https:\/\/mercredisdeneige.fr\/index.php?rest_route=%2Fwp%2Fv2%2Fmedia&parent=25"}],"curies":[{"name":"wp","href":"https:\/\/api.w.org\/{rel}","templated":true}]}}