{"id":32,"date":"2025-04-21T13:09:02","date_gmt":"2025-04-21T11:09:02","guid":{"rendered":"http:\/\/mercredisdeneige.fr\/?page_id=32"},"modified":"2025-05-04T20:50:01","modified_gmt":"2025-05-04T18:50:01","slug":"a-savoir","status":"publish","type":"page","link":"https:\/\/mercredisdeneige.fr\/?page_id=32","title":{"rendered":"A Savoir"},"content":{"rendered":"\n<p><a href=\"#groupe\" data-type=\"internal\" data-id=\"#groupe\">Les groupes des Mercredis de Neige &#8211; Pays de Gex<\/a><br><a href=\"#tenue\" data-type=\"internal\" data-id=\"#tenue\">Tenue et \u00e9quipement<\/a><br><a href=\"#objet\" data-type=\"internal\" data-id=\"#objet\">Objets trouv\u00e9s<\/a><br><a href=\"#accident\" data-type=\"internal\" data-id=\"#accident\">En cas d&#8217;accident<\/a><\/p>\n\n\n\n<p><\/p>\n\n\n\n<h3 class=\"wp-block-heading\" id=\"groupe\">Les groupes des Mercredis de Neige &#8211; Pays de Gex<\/h3>\n\n\n\n<p><br>Dans le cadre des Mercredis de Neige &#8211; Pays de Gex, les enfants sont r\u00e9partis par groupe de niveau.  Les couleurs des groupes (chasubles) correspondent \u00e0 celles des niveaux ESF pr\u00e9par\u00e9s par les enfants du groupe :<\/p>\n\n\n\n<ul class=\"wp-block-list\">\n<li>Orange : Ourson\/Flocon<\/li>\n\n\n\n<li>Vert : 1<sup>\u00e8re<\/sup>&nbsp;\u00e9toile<\/li>\n\n\n\n<li>Bleu : 2<sup>\u00e8me&nbsp;<\/sup>\u00e9toile<\/li>\n\n\n\n<li>Rouge : 3<sup>\u00e8me<\/sup>&nbsp;\u00e9toile<\/li>\n\n\n\n<li>Jaune\/Noir : \u00e9toile de bronze, argent ou or.<\/li>\n<\/ul>\n\n\n\n<p>Obligatoirement, sauf s\u2019il n\u2019en poss\u00e8de pas, veillez \u00e0 attester lors de l\u2019inscription du niveau d\u00e9j\u00e0 obtenu par votre enfant. Lors de la premi\u00e8re sortie, les encadrants proc\u00e9deront \u00e0 une \u00e9valuation des niveaux qui pourront conduire \u00e0 un r\u00e9ajustement des groupes. En r\u00e8gle g\u00e9n\u00e9rale, les groupes ne sont ensuite plus modifi\u00e9s, sauf sur demande des moniteurs et du responsable du groupe (brevet f\u00e9d\u00e9ral) et dans l\u2019int\u00e9r\u00eat de l\u2019enfant. Un enfant qui \u00ab passe partout avec ses parents \u00bb n\u2019est pas forc\u00e9ment un enfant qui \u00ab sait skier et doit aller dans le groupe de plus haut niveau ! \u00bb : l\u2019encadrement ESF ou ESI est une garantie d\u2019un enseignement des fondamentaux et de la meilleure pratique du ski.<\/p>\n\n\n\n<p>La date de passage des \u00e9toiles est d\u00e9termin\u00e9e en fin de saison (en g\u00e9n\u00e9ral avant-derni\u00e8re ou derni\u00e8re sortie). Un certificat sera remis \u00e0 chaque enfant ayant r\u00e9ussi son test lors d\u2019un go\u00fbter organis\u00e9 en fin de saison.<\/p>\n\n\n\n<p><\/p>\n\n\n\n<h3 class=\"wp-block-heading\" id=\"tenue\">Tenue et \u00e9quipement<\/h3>\n\n\n\n<p>La tenue des enfants doit \u00eatre ad\u00e9quate \u00e0 la pratique du ski, soit des v\u00eatements chauds et imperm\u00e9ables :<\/p>\n\n\n\n<ul class=\"wp-block-list\">\n<li>Anorak et pantalon ou combinaison.<\/li>\n\n\n\n<li>1 paire de gants ou moufles, avec \u00e9ventuellement sous-gants les jours de grand froid.<\/li>\n\n\n\n<li>Casque obligatoire, avec cagoule suppl\u00e9mentaire pour les jours froids.<\/li>\n\n\n\n<li>Masque (lunettes pour le soleil et\/ou la neige).<\/li>\n\n\n\n<li>Chaussures de ski, skis et b\u00e2tons, d\u00fbment r\u00e9gl\u00e9s et en bon \u00e9tat.<\/li>\n<\/ul>\n\n\n\n<p>Pour le bien \u00eatre de votre enfant pr\u00e9voir \u00e9galement :<\/p>\n\n\n\n<ul class=\"wp-block-list\">\n<li>Une petite collation tenant dans une poche (pas de boisson), et un go\u00fbter pour l\u2019apr\u00e8s-ski (sac-\u00e0-dos restant dans le car).<\/li>\n\n\n\n<li>Un ou plusieurs mouchoirs.<\/li>\n\n\n\n<li>Une protection solaire.<\/li>\n<\/ul>\n\n\n\n<p>L&#8217;enfant doit imp\u00e9rativement porter sa chasuble par-dessus sont anorak ou sa combinaison pendant toutes les sorties.<\/p>\n\n\n\n<p>Les skis doivent \u00eatre contr\u00f4l\u00e9s et r\u00e9gl\u00e9s par vos soins ou par un professionnel avant la premi\u00e8re sortie. Les encadrants ne sont pas habilit\u00e9s \u00e0 changer ces r\u00e9glages.<\/p>\n\n\n\n<p><strong>Le mat\u00e9riel doit \u00eatre marqu\u00e9 au nom de l&#8217;enfant ainsi qu\u2019avec la ville de d\u00e9part du bu<strong>s<\/strong>.<\/strong>\u00a0Les skis et les b\u00e2tons doivent \u00eatre attach\u00e9s ensemble au moyen d\u2019une attache velcro lors de la mont\u00e9e dans le car.<\/p>\n\n\n\n<p>L&#8217;enfant est responsable de son mat\u00e9riel. Les encadrants font de leur mieux mais nous devons d\u00e9cliner toute responsabilit\u00e9 en cas de d\u00e9g\u00e2t ou de perte.<\/p>\n\n\n\n<p><\/p>\n\n\n\n<h3 class=\"wp-block-heading\" id=\"objet\">Objets trouv\u00e9s<\/h3>\n\n\n\n<p>Au fil des sorties nous r\u00e9coltons dans les cars tout un tas d\u2019objets \u00e9gar\u00e9s par les enfants\u2026 ou les accompagnants. Lorsque ces objets sont marqu\u00e9s il nous est facile de contacter les propri\u00e9taires mais la plupart du temps ils ne le sont pas. S\u2019il est long et fastidieux de broder un nom dans chaque gant ou bonnet, il est par contre tr\u00e8s rapide de l\u2019\u00e9crire au stylobille ou au marqueur sur une \u00e9tiquette, ou de glisser un petit carton dans le sac du go\u00fbter&#8230;\u00a0Apr\u00e8s chaque sortie, nous communiquons le fruit de nos r\u00e9coltes (sur le groupe Whatsapp du retour des bus).<\/p>\n\n\n\n<p>POUR R\u00c9CUP\u00c9RER CES OBJETS, merci de nous envoyer un e-mail \u00e0 l&#8217;adresse\u00a0<a href=\"mailto:inscription@mercredisdeneige.fr\" target=\"_blank\" rel=\"noreferrer noopener\">inscription@mercredisdeneige.fr<\/a>\u00a0: le volume total de ces objets ayant une f\u00e2cheuse tendance \u00e0 augmenter, nous ne pourrons pas les amener lors de chaque sortie.\u00a0\u00a0Les objets non r\u00e9cup\u00e9r\u00e9s en fin de saison seront donn\u00e9s ou jet\u00e9s.<\/p>\n\n\n\n<p><\/p>\n\n\n\n<h3 class=\"wp-block-heading\" id=\"accident\">En cas d&#8217;accident<\/h3>\n\n\n\n<p>Le ski est une pratique physique. En cas d&#8217;accident impliquant votre enfant, vous serez imm\u00e9diatement pr\u00e9venu par t\u00e9l\u00e9phone. Dans l&#8217;impossibilit\u00e9 de vous joindre, nous accompagnerons votre enfant au centre de soin d\u00e9fini par les services de secours. <br>L&#8217;assurance de base des Mercredis de Neige &#8211; Pays de Gex fournie avec l&#8217;adh\u00e9sion \u00e0 l&#8217;UFOLEP prend en charge les secours sur piste et l&#8217;ambulance ; votre assurance maladie ou accident habituelle les frais m\u00e9dicaux et hospitaliers.<\/p>\n\n\n\n<p><\/p>\n","protected":false},"excerpt":{"rendered":"<p>Les groupes des Mercredis de Neige &#8211; Pays de GexTenue et \u00e9quipementObjets trouv\u00e9sEn cas d&#8217;accident Les groupes des Mercredis de Neige &#8211; Pays de Gex [&hellip;]<\/p>\n","protected":false},"author":1,"featured_media":0,"parent":0,"menu_order":0,"comment_status":"closed","ping_status":"closed","template":"","meta":{"footnotes":""},"class_list":["post-32","page","type-page","status-publish","hentry"],"yoast_head":"<!-- This site is optimized with the Yoast SEO plugin v25.8 - https:\/\/yoast.com\/wordpress\/plugins\/seo\/ -->\n<title>A Savoir - Accueil<\/title>\n<meta name=\"description\" content=\"Ski Club Gex Enfants p\u00e9riscolaire neige jura cessy activit\u00e9 mercredi cours enfant faucille loisir groupe esf m\u00e9daille \u00e9toile flocon ourson\" \/>\n<meta name=\"robots\" content=\"index, follow, max-snippet:-1, max-image-preview:large, max-video-preview:-1\" \/>\n<link rel=\"canonical\" href=\"http:\/\/mercredisdeneige.fr\/?page_id=32\" \/>\n<meta property=\"og:locale\" content=\"en_US\" \/>\n<meta property=\"og:type\" content=\"article\" \/>\n<meta property=\"og:title\" content=\"A Savoir - Accueil\" \/>\n<meta property=\"og:description\" content=\"Ski Club Gex Enfants p\u00e9riscolaire neige jura cessy activit\u00e9 mercredi cours enfant faucille loisir groupe esf m\u00e9daille \u00e9toile flocon ourson\" \/>\n<meta property=\"og:url\" content=\"http:\/\/mercredisdeneige.fr\/?page_id=32\" \/>\n<meta property=\"og:site_name\" content=\"Accueil\" \/>\n<meta property=\"article:publisher\" content=\"https:\/\/www.facebook.com\/profile.php?id=61575116147025\" \/>\n<meta property=\"article:modified_time\" content=\"2025-05-04T18:50:01+00:00\" \/>\n<meta property=\"og:image\" content=\"https:\/\/mercredisdeneige.fr\/wp-content\/uploads\/2025\/04\/Logo-rouge-transparent-1.png\" \/>\n\t<meta property=\"og:image:width\" content=\"1934\" \/>\n\t<meta property=\"og:image:height\" content=\"1087\" \/>\n\t<meta property=\"og:image:type\" content=\"image\/png\" \/>\n<meta name=\"twitter:card\" content=\"summary_large_image\" \/>\n<script type=\"application\/ld+json\" class=\"yoast-schema-graph\">{\"@context\":\"https:\/\/schema.org\",\"@graph\":[{\"@type\":\"WebPage\",\"@id\":\"http:\/\/mercredisdeneige.fr\/?page_id=32\",\"url\":\"http:\/\/mercredisdeneige.fr\/?page_id=32\",\"name\":\"A Savoir - Accueil\",\"isPartOf\":{\"@id\":\"https:\/\/mercredisdeneige.fr\/#website\"},\"datePublished\":\"2025-04-21T11:09:02+00:00\",\"dateModified\":\"2025-05-04T18:50:01+00:00\",\"description\":\"Ski Club Gex Enfants p\u00e9riscolaire neige jura cessy activit\u00e9 mercredi cours enfant faucille loisir groupe esf m\u00e9daille \u00e9toile flocon ourson\",\"breadcrumb\":{\"@id\":\"http:\/\/mercredisdeneige.fr\/?page_id=32#breadcrumb\"},\"inLanguage\":\"en-US\",\"potentialAction\":[{\"@type\":\"ReadAction\",\"target\":[\"http:\/\/mercredisdeneige.fr\/?page_id=32\"]}]},{\"@type\":\"BreadcrumbList\",\"@id\":\"http:\/\/mercredisdeneige.fr\/?page_id=32#breadcrumb\",\"itemListElement\":[{\"@type\":\"ListItem\",\"position\":1,\"name\":\"Accueil\",\"item\":\"https:\/\/mercredisdeneige.fr\/\"},{\"@type\":\"ListItem\",\"position\":2,\"name\":\"A Savoir\"}]},{\"@type\":\"WebSite\",\"@id\":\"https:\/\/mercredisdeneige.fr\/#website\",\"url\":\"https:\/\/mercredisdeneige.fr\/\",\"name\":\"Mercredis de neige - Pays de Gex\",\"description\":\"Enseignement d\u00e9couverte et ski ludique pour tous les enfants du pays de gex !\",\"publisher\":{\"@id\":\"https:\/\/mercredisdeneige.fr\/#organization\"},\"potentialAction\":[{\"@type\":\"SearchAction\",\"target\":{\"@type\":\"EntryPoint\",\"urlTemplate\":\"https:\/\/mercredisdeneige.fr\/?s={search_term_string}\"},\"query-input\":{\"@type\":\"PropertyValueSpecification\",\"valueRequired\":true,\"valueName\":\"search_term_string\"}}],\"inLanguage\":\"en-US\"},{\"@type\":\"Organization\",\"@id\":\"https:\/\/mercredisdeneige.fr\/#organization\",\"name\":\"Mercredis de neige - Pays de Gex\",\"url\":\"https:\/\/mercredisdeneige.fr\/\",\"logo\":{\"@type\":\"ImageObject\",\"inLanguage\":\"en-US\",\"@id\":\"https:\/\/mercredisdeneige.fr\/#\/schema\/logo\/image\/\",\"url\":\"http:\/\/mercredisdeneige.fr\/wp-content\/uploads\/2025\/04\/Logo-rouge-transparent-1.png\",\"contentUrl\":\"http:\/\/mercredisdeneige.fr\/wp-content\/uploads\/2025\/04\/Logo-rouge-transparent-1.png\",\"width\":1934,\"height\":1087,\"caption\":\"Mercredis de neige - Pays de Gex\"},\"image\":{\"@id\":\"https:\/\/mercredisdeneige.fr\/#\/schema\/logo\/image\/\"},\"sameAs\":[\"https:\/\/www.facebook.com\/profile.php?id=61575116147025\",\"https:\/\/www.instagram.com\/mercredis_de_neige_pays_de_gex\/\"]}]}<\/script>\n<!-- \/ Yoast SEO plugin. -->","yoast_head_json":{"title":"A Savoir - Accueil","description":"Ski Club Gex Enfants p\u00e9riscolaire neige jura cessy activit\u00e9 mercredi cours enfant faucille loisir groupe esf m\u00e9daille \u00e9toile flocon ourson","robots":{"index":"index","follow":"follow","max-snippet":"max-snippet:-1","max-image-preview":"max-image-preview:large","max-video-preview":"max-video-preview:-1"},"canonical":"http:\/\/mercredisdeneige.fr\/?page_id=32","og_locale":"en_US","og_type":"article","og_title":"A Savoir - Accueil","og_description":"Ski Club Gex Enfants p\u00e9riscolaire neige jura cessy activit\u00e9 mercredi cours enfant faucille loisir groupe esf m\u00e9daille \u00e9toile flocon ourson","og_url":"http:\/\/mercredisdeneige.fr\/?page_id=32","og_site_name":"Accueil","article_publisher":"https:\/\/www.facebook.com\/profile.php?id=61575116147025","article_modified_time":"2025-05-04T18:50:01+00:00","og_image":[{"width":1934,"height":1087,"url":"https:\/\/mercredisdeneige.fr\/wp-content\/uploads\/2025\/04\/Logo-rouge-transparent-1.png","type":"image\/png"}],"twitter_card":"summary_large_image","schema":{"@context":"https:\/\/schema.org","@graph":[{"@type":"WebPage","@id":"http:\/\/mercredisdeneige.fr\/?page_id=32","url":"http:\/\/mercredisdeneige.fr\/?page_id=32","name":"A Savoir - Accueil","isPartOf":{"@id":"https:\/\/mercredisdeneige.fr\/#website"},"datePublished":"2025-04-21T11:09:02+00:00","dateModified":"2025-05-04T18:50:01+00:00","description":"Ski Club Gex Enfants p\u00e9riscolaire neige jura cessy activit\u00e9 mercredi cours enfant faucille loisir groupe esf m\u00e9daille \u00e9toile flocon ourson","breadcrumb":{"@id":"http:\/\/mercredisdeneige.fr\/?page_id=32#breadcrumb"},"inLanguage":"en-US","potentialAction":[{"@type":"ReadAction","target":["http:\/\/mercredisdeneige.fr\/?page_id=32"]}]},{"@type":"BreadcrumbList","@id":"http:\/\/mercredisdeneige.fr\/?page_id=32#breadcrumb","itemListElement":[{"@type":"ListItem","position":1,"name":"Accueil","item":"https:\/\/mercredisdeneige.fr\/"},{"@type":"ListItem","position":2,"name":"A Savoir"}]},{"@type":"WebSite","@id":"https:\/\/mercredisdeneige.fr\/#website","url":"https:\/\/mercredisdeneige.fr\/","name":"Mercredis de neige - Pays de Gex","description":"Enseignement d\u00e9couverte et ski ludique pour tous les enfants du pays de gex !","publisher":{"@id":"https:\/\/mercredisdeneige.fr\/#organization"},"potentialAction":[{"@type":"SearchAction","target":{"@type":"EntryPoint","urlTemplate":"https:\/\/mercredisdeneige.fr\/?s={search_term_string}"},"query-input":{"@type":"PropertyValueSpecification","valueRequired":true,"valueName":"search_term_string"}}],"inLanguage":"en-US"},{"@type":"Organization","@id":"https:\/\/mercredisdeneige.fr\/#organization","name":"Mercredis de neige - Pays de Gex","url":"https:\/\/mercredisdeneige.fr\/","logo":{"@type":"ImageObject","inLanguage":"en-US","@id":"https:\/\/mercredisdeneige.fr\/#\/schema\/logo\/image\/","url":"http:\/\/mercredisdeneige.fr\/wp-content\/uploads\/2025\/04\/Logo-rouge-transparent-1.png","contentUrl":"http:\/\/mercredisdeneige.fr\/wp-content\/uploads\/2025\/04\/Logo-rouge-transparent-1.png","width":1934,"height":1087,"caption":"Mercredis de neige - Pays de Gex"},"image":{"@id":"https:\/\/mercredisdeneige.fr\/#\/schema\/logo\/image\/"},"sameAs":["https:\/\/www.facebook.com\/profile.php?id=61575116147025","https:\/\/www.instagram.com\/mercredis_de_neige_pays_de_gex\/"]}]}},"_links":{"self":[{"href":"https:\/\/mercredisdeneige.fr\/index.php?rest_route=\/wp\/v2\/pages\/32","targetHints":{"allow":["GET"]}}],"collection":[{"href":"https:\/\/mercredisdeneige.fr\/index.php?rest_route=\/wp\/v2\/pages"}],"about":[{"href":"https:\/\/mercredisdeneige.fr\/index.php?rest_route=\/wp\/v2\/types\/page"}],"author":[{"embeddable":true,"href":"https:\/\/mercredisdeneige.fr\/index.php?rest_route=\/wp\/v2\/users\/1"}],"replies":[{"embeddable":true,"href":"https:\/\/mercredisdeneige.fr\/index.php?rest_route=%2Fwp%2Fv2%2Fcomments&post=32"}],"version-history":[{"count":2,"href":"https:\/\/mercredisdeneige.fr\/index.php?rest_route=\/wp\/v2\/pages\/32\/revisions"}],"predecessor-version":[{"id":110,"href":"https:\/\/mercredisdeneige.fr\/index.php?rest_route=\/wp\/v2\/pages\/32\/revisions\/110"}],"wp:attachment":[{"href":"https:\/\/mercredisdeneige.fr\/index.php?rest_route=%2Fwp%2Fv2%2Fmedia&parent=32"}],"curies":[{"name":"wp","href":"https:\/\/api.w.org\/{rel}","templated":true}]}}