{"id":36,"date":"2025-04-21T13:57:57","date_gmt":"2025-04-21T11:57:57","guid":{"rendered":"http:\/\/mercredisdeneige.fr\/?page_id=36"},"modified":"2025-05-04T20:57:57","modified_gmt":"2025-05-04T18:57:57","slug":"rejoignez-nous","status":"publish","type":"page","link":"https:\/\/mercredisdeneige.fr\/?page_id=36","title":{"rendered":"Rejoignez nous !"},"content":{"rendered":"\n<p><strong>Les Mercredis de Neige &#8211; Pays de Gex ont besoin du renfort d&#8217;une <mark style=\"background-color:rgba(0, 0, 0, 0);color:#cf2e2e\" class=\"has-inline-color\">trentaine de parents<\/mark> chaque saison<\/strong><\/p>\n\n\n\n<h3 class=\"wp-block-heading\">Rejoignez notre encadrement b\u00e9n\u00e9vole !<\/h3>\n\n\n\n<p>Les Mercredis de Neige ne peuvent pas fonctionner sans le concours d\u2019encadrants b\u00e9n\u00e9voles. Les points suivants d\u00e9taillent les besoins de l\u2019association dans le but de toujours am\u00e9liorer et permettre un bon renouvellement de son \u00e9quipe d\u2019encadrement.<\/p>\n\n\n\n<p>Un appel est lanc\u00e9 ici \u00e0 toutes les bonnes volont\u00e9s : <strong>pas besoin d\u2019\u00eatre un champion ou une championne de ski !<\/strong><\/p>\n\n\n\n<p>Nous avons besoin d\u2019encadrants de tous niveaux (r\u00e9partis selon les niveaux des groupes), y compris de non-skieurs pouvant assurer le \u00ab\u00a0bas de piste\u00a0\u00bb (gestion des forfaits, d\u2019enfants fatigu\u00e9s, \u2026)<\/p>\n\n\n\n<p>Il suffit de pouvoir assurer une pr\u00e9sence r\u00e9guli\u00e8re au cours de la saison (nous acceptons \u00e9galement les encadrants qui ne peuvent se lib\u00e9rer qu&#8217;une fois sur deux !).<\/p>\n\n\n\n<p><strong>NB<\/strong>\u00a0: Tous les encadrants doivent poss\u00e9der un dipl\u00f4me de formation aux premiers secours PSC1 (des sessions sont organis\u00e9es par l\u2019association \u00e0 l\u2019automne)<\/p>\n\n\n\n<p><\/p>\n\n\n\n<h4 class=\"wp-block-heading\">R\u00f4les des encadrants<br><\/h4>\n\n\n\n<ul class=\"wp-block-list\">\n<li><strong>Responsable de groupe<\/strong> (encadrant suppl\u00e9mentaire ou Brevet f\u00e9d\u00e9ral Ufolep)&nbsp;:<\/li>\n<\/ul>\n\n\n\n<p>En tant que responsable de groupe, vous \u00eates la personne de r\u00e9f\u00e9rence pour un groupe donn\u00e9. Vous avez confirm\u00e9 lors de l\u2019inscription votre pr\u00e9sence \u00e0 un maximum de sorties, sauf impr\u00e9vu ou emp\u00eachement. <\/p>\n\n\n\n<p>La veille de chaque sortie, vous aurez re\u00e7u la liste \u00e0 jour des enfants de votre groupe, ainsi que l\u2019affectation ou non d\u2019un moniteur ESF pour la sortie concern\u00e9e. Vous l\u2019aurez prise avec vous, ainsi qu\u2019un crayon \u00e0 papier (les stylos ne marchent pas quand il fait froid). Veillez \u00e0 toujours prendre la derni\u00e8re liste qui vous aura \u00e9t\u00e9 transmise : des changements peuvent intervenir d\u2019une sortie \u00e0 l\u2019autre. <\/p>\n\n\n\n<p>Une fois tous les enfants r\u00e9unis sur le front de neige, vous r\u00e9unissez les enfants de votre groupe en proc\u00e9dant \u00e0 un appel complet et distribuez les forfaits journ\u00e9e aux enfants qui ne poss\u00e8dent pas de forfait saison. <\/p>\n\n\n\n<p>Si un moniteur a \u00e9t\u00e9 attribu\u00e9 \u00e0 votre groupe, vous l\u2019appelez et lui pr\u00e9sentez son groupe. <\/p>\n\n\n\n<p>A la fin de la sortie, vous donnez les consignes de d\u00e9chaussage et assurez le retour de tous les enfants de votre groupe vers les cars.<\/p>\n\n\n\n<p>En cas d\u2019accident sur les pistes, vous d\u00e9clenchez l\u2019appel des secours et assurez la coordination avec le responsable des Mercredis de Neige.<br>Apr\u00e8s la sortie, vous remontez toutes les informations importantes aux Mercredis de Neige (enfant \u00e0 changer de groupe, probl\u00e8me mat\u00e9riel, observations diverses\u2026).<br><\/p>\n\n\n\n<ul class=\"wp-block-list\">\n<li><strong>Encadrant suppl\u00e9mentaire&nbsp;:<\/strong><\/li>\n<\/ul>\n\n\n\n<p>Sur les pistes, vous assistez le moniteur ESF ou le Brevet f\u00e9r\u00e9al UFOLEP et faites en sorte de maximiser son temps d\u2019enseignement effectif, en guidant les enfants selon ses instructions. Vous comptez r\u00e9guli\u00e8rement les enfants de votre groupe. Au t\u00e9l\u00e9ski, vous passez en t\u00eate du groupe et le moniteur en dernier. A l\u2019arriv\u00e9e au sommet le moniteur vous avertit si un enfant a chut\u00e9, et la r\u00e9cup\u00e9ration de l\u2019enfant le long de la piste de t\u00e9l\u00e9ski est d\u00e9cid\u00e9e en concertation avec le moniteur.<br><\/p>\n\n\n\n<ul class=\"wp-block-list\">\n<li><strong>Encadrant dipl\u00f4m\u00e9 Brevet F\u00e9d\u00e9ral UFOLEP&nbsp;:<\/strong><\/li>\n<\/ul>\n\n\n\n<p>Pour les encadrants qui le souhaitent, l&#8217;association organise une formation au Brevet F\u00e9d\u00e9ral qui permet d&#8217;encadrer un groupe d&#8217;enfant au sein d&#8217;une association affili\u00e9e \u00e0 l&#8217;UFOLEP. L&#8217;objectif de cette formation est d&#8217;\u00eatre capable d\u2019animer et de g\u00e9rer un projet d\u2019animation SKI dans une association (formation technique et p\u00e9dagogique bas\u00e9e sur un apprentissage par le jeu). Cette formation se d\u00e9roule en 2 \u00e9tapes : tronc commun sur 1 jour puis formation th\u00e9orique\/pratique sur 2 jours.<br><strong>Niveau requis<\/strong> : Etre capable de skier en s\u00e9curit\u00e9 sur une piste rouge<br><br>Lors des sorties o\u00f9 aucun moniteur n\u2019a \u00e9t\u00e9 affect\u00e9 \u00e0 votre groupe, vous proc\u00e9dez vous-m\u00eame \u00e0 l\u2019enseignement en suivant les exercices propos\u00e9s par le moniteur lors de la sortie pr\u00e9c\u00e9dente ou en mettant en application les exercices vus lors de votre formation. Un encadrant suppl\u00e9mentaire au moins aura \u00e9t\u00e9 affect\u00e9 \u00e0 votre groupe. C\u2019est alors lui qui ferme la marche et passe en premier au t\u00e9l\u00e9ski.<br>Dans la mesure du possible (selon exp\u00e9rience du Brevet f\u00e9d\u00e9ral et nombre d&#8217;encadrants), le Brevet f\u00e9d\u00e9ral suit son groupe lors des s\u00e9ances avec le moniteur ESF\/ESI.<br>\u00a0<br>Malgr\u00e9 toutes ces consignes qui peuvent para\u00eetre directives, l\u2019exp\u00e9rience des Mercredis de Neige sur les ann\u00e9es a montr\u00e9 que l\u2019encadrement des enfants est un engagement toujours enrichissant. Avec une dizaine de groupes pr\u00e9vus pour la saison 2025, il est n\u00e9cessaire d\u2019identifier au plus t\u00f4t une trentaine d\u2019encadrants.<br><br>Un appel est donc lanc\u00e9 ici \u00e0 tous les\u00a0parents b\u00e9n\u00e9voles que\u00a0l\u2019exp\u00e9rience peut motiver !!!<\/p>\n\n\n\n<div class=\"wp-block-buttons is-layout-flex wp-block-buttons-is-layout-flex\">\n<div class=\"wp-block-button\"><a class=\"wp-block-button__link wp-element-button\">Nouvelle Inscription<\/a><\/div>\n\n\n\n<div class=\"wp-block-button\"><a class=\"wp-block-button__link wp-element-button\">R\u00e9inscription<\/a><\/div>\n<\/div>\n\n\n\n<div class=\"wp-block-buttons is-layout-flex wp-block-buttons-is-layout-flex\">\n<div class=\"wp-block-button\"><a class=\"wp-block-button__link wp-element-button\">Tutoriel Renouvellement Licence UFOLEP<\/a><\/div>\n<\/div>\n\n\n\n<p><br>Si vous pouvez vous lib\u00e9rer de 4 \u00e0 8 mercredis apr\u00e8s-midi entre janvier et mars, hors vacances scolaires, quelque-soit votre niveau de ski, venez vous renseignez comment participer activement \u00e0 la prochaine saison en prenant contact par mail \u00e0 l&#8217;adresse suivants :<br><a href=\"mailto:inscription@mercredisdeneige.fr\">inscription@mercredisdeneige.fr<\/a><\/p>\n\n\n\n<p><\/p>\n","protected":false},"excerpt":{"rendered":"<p>Les Mercredis de Neige &#8211; Pays de Gex ont besoin du renfort d&#8217;une trentaine de parents chaque saison Rejoignez notre encadrement b\u00e9n\u00e9vole ! Les Mercredis [&hellip;]<\/p>\n","protected":false},"author":1,"featured_media":0,"parent":0,"menu_order":0,"comment_status":"closed","ping_status":"closed","template":"","meta":{"footnotes":""},"class_list":["post-36","page","type-page","status-publish","hentry"],"yoast_head":"<!-- This site is optimized with the Yoast SEO plugin v25.8 - https:\/\/yoast.com\/wordpress\/plugins\/seo\/ -->\n<title>Rejoignez nous ! - Accueil<\/title>\n<meta name=\"description\" content=\"Ski Club Gex Enfants p\u00e9riscolaire neige jura cessy activit\u00e9 mercredi cours enfant faucille loisir groupe esf m\u00e9daille \u00e9toile flocon ourson benevole rejoignez-nous\" \/>\n<meta name=\"robots\" content=\"index, follow, max-snippet:-1, max-image-preview:large, max-video-preview:-1\" \/>\n<link rel=\"canonical\" href=\"https:\/\/mercredisdeneige.fr\/?page_id=36\" \/>\n<meta property=\"og:locale\" content=\"en_US\" \/>\n<meta property=\"og:type\" content=\"article\" \/>\n<meta property=\"og:title\" content=\"Rejoignez nous ! - Accueil\" \/>\n<meta property=\"og:description\" content=\"Ski Club Gex Enfants p\u00e9riscolaire neige jura cessy activit\u00e9 mercredi cours enfant faucille loisir groupe esf m\u00e9daille \u00e9toile flocon ourson benevole rejoignez-nous\" \/>\n<meta property=\"og:url\" content=\"https:\/\/mercredisdeneige.fr\/?page_id=36\" \/>\n<meta property=\"og:site_name\" content=\"Accueil\" \/>\n<meta property=\"article:publisher\" content=\"https:\/\/www.facebook.com\/profile.php?id=61575116147025\" \/>\n<meta property=\"article:modified_time\" content=\"2025-05-04T18:57:57+00:00\" \/>\n<meta property=\"og:image\" content=\"https:\/\/mercredisdeneige.fr\/wp-content\/uploads\/2025\/04\/Logo-rouge-transparent-1.png\" \/>\n\t<meta property=\"og:image:width\" content=\"1934\" \/>\n\t<meta property=\"og:image:height\" content=\"1087\" \/>\n\t<meta property=\"og:image:type\" content=\"image\/png\" \/>\n<meta name=\"twitter:card\" content=\"summary_large_image\" \/>\n<meta name=\"twitter:label1\" content=\"Est. reading time\" \/>\n\t<meta name=\"twitter:data1\" content=\"5 minutes\" \/>\n<script type=\"application\/ld+json\" class=\"yoast-schema-graph\">{\"@context\":\"https:\/\/schema.org\",\"@graph\":[{\"@type\":\"WebPage\",\"@id\":\"https:\/\/mercredisdeneige.fr\/?page_id=36\",\"url\":\"https:\/\/mercredisdeneige.fr\/?page_id=36\",\"name\":\"Rejoignez nous ! - Accueil\",\"isPartOf\":{\"@id\":\"https:\/\/mercredisdeneige.fr\/#website\"},\"datePublished\":\"2025-04-21T11:57:57+00:00\",\"dateModified\":\"2025-05-04T18:57:57+00:00\",\"description\":\"Ski Club Gex Enfants p\u00e9riscolaire neige jura cessy activit\u00e9 mercredi cours enfant faucille loisir groupe esf m\u00e9daille \u00e9toile flocon ourson benevole rejoignez-nous\",\"breadcrumb\":{\"@id\":\"https:\/\/mercredisdeneige.fr\/?page_id=36#breadcrumb\"},\"inLanguage\":\"en-US\",\"potentialAction\":[{\"@type\":\"ReadAction\",\"target\":[\"https:\/\/mercredisdeneige.fr\/?page_id=36\"]}]},{\"@type\":\"BreadcrumbList\",\"@id\":\"https:\/\/mercredisdeneige.fr\/?page_id=36#breadcrumb\",\"itemListElement\":[{\"@type\":\"ListItem\",\"position\":1,\"name\":\"Accueil\",\"item\":\"https:\/\/mercredisdeneige.fr\/\"},{\"@type\":\"ListItem\",\"position\":2,\"name\":\"Rejoignez nous !\"}]},{\"@type\":\"WebSite\",\"@id\":\"https:\/\/mercredisdeneige.fr\/#website\",\"url\":\"https:\/\/mercredisdeneige.fr\/\",\"name\":\"Mercredis de neige - Pays de Gex\",\"description\":\"Enseignement d\u00e9couverte et ski ludique pour tous les enfants du pays de gex !\",\"publisher\":{\"@id\":\"https:\/\/mercredisdeneige.fr\/#organization\"},\"potentialAction\":[{\"@type\":\"SearchAction\",\"target\":{\"@type\":\"EntryPoint\",\"urlTemplate\":\"https:\/\/mercredisdeneige.fr\/?s={search_term_string}\"},\"query-input\":{\"@type\":\"PropertyValueSpecification\",\"valueRequired\":true,\"valueName\":\"search_term_string\"}}],\"inLanguage\":\"en-US\"},{\"@type\":\"Organization\",\"@id\":\"https:\/\/mercredisdeneige.fr\/#organization\",\"name\":\"Mercredis de neige - Pays de Gex\",\"url\":\"https:\/\/mercredisdeneige.fr\/\",\"logo\":{\"@type\":\"ImageObject\",\"inLanguage\":\"en-US\",\"@id\":\"https:\/\/mercredisdeneige.fr\/#\/schema\/logo\/image\/\",\"url\":\"http:\/\/mercredisdeneige.fr\/wp-content\/uploads\/2025\/04\/Logo-rouge-transparent-1.png\",\"contentUrl\":\"http:\/\/mercredisdeneige.fr\/wp-content\/uploads\/2025\/04\/Logo-rouge-transparent-1.png\",\"width\":1934,\"height\":1087,\"caption\":\"Mercredis de neige - Pays de Gex\"},\"image\":{\"@id\":\"https:\/\/mercredisdeneige.fr\/#\/schema\/logo\/image\/\"},\"sameAs\":[\"https:\/\/www.facebook.com\/profile.php?id=61575116147025\",\"https:\/\/www.instagram.com\/mercredis_de_neige_pays_de_gex\/\"]}]}<\/script>\n<!-- \/ Yoast SEO plugin. -->","yoast_head_json":{"title":"Rejoignez nous ! - Accueil","description":"Ski Club Gex Enfants p\u00e9riscolaire neige jura cessy activit\u00e9 mercredi cours enfant faucille loisir groupe esf m\u00e9daille \u00e9toile flocon ourson benevole rejoignez-nous","robots":{"index":"index","follow":"follow","max-snippet":"max-snippet:-1","max-image-preview":"max-image-preview:large","max-video-preview":"max-video-preview:-1"},"canonical":"https:\/\/mercredisdeneige.fr\/?page_id=36","og_locale":"en_US","og_type":"article","og_title":"Rejoignez nous ! - Accueil","og_description":"Ski Club Gex Enfants p\u00e9riscolaire neige jura cessy activit\u00e9 mercredi cours enfant faucille loisir groupe esf m\u00e9daille \u00e9toile flocon ourson benevole rejoignez-nous","og_url":"https:\/\/mercredisdeneige.fr\/?page_id=36","og_site_name":"Accueil","article_publisher":"https:\/\/www.facebook.com\/profile.php?id=61575116147025","article_modified_time":"2025-05-04T18:57:57+00:00","og_image":[{"width":1934,"height":1087,"url":"https:\/\/mercredisdeneige.fr\/wp-content\/uploads\/2025\/04\/Logo-rouge-transparent-1.png","type":"image\/png"}],"twitter_card":"summary_large_image","twitter_misc":{"Est. reading time":"5 minutes"},"schema":{"@context":"https:\/\/schema.org","@graph":[{"@type":"WebPage","@id":"https:\/\/mercredisdeneige.fr\/?page_id=36","url":"https:\/\/mercredisdeneige.fr\/?page_id=36","name":"Rejoignez nous ! - Accueil","isPartOf":{"@id":"https:\/\/mercredisdeneige.fr\/#website"},"datePublished":"2025-04-21T11:57:57+00:00","dateModified":"2025-05-04T18:57:57+00:00","description":"Ski Club Gex Enfants p\u00e9riscolaire neige jura cessy activit\u00e9 mercredi cours enfant faucille loisir groupe esf m\u00e9daille \u00e9toile flocon ourson benevole rejoignez-nous","breadcrumb":{"@id":"https:\/\/mercredisdeneige.fr\/?page_id=36#breadcrumb"},"inLanguage":"en-US","potentialAction":[{"@type":"ReadAction","target":["https:\/\/mercredisdeneige.fr\/?page_id=36"]}]},{"@type":"BreadcrumbList","@id":"https:\/\/mercredisdeneige.fr\/?page_id=36#breadcrumb","itemListElement":[{"@type":"ListItem","position":1,"name":"Accueil","item":"https:\/\/mercredisdeneige.fr\/"},{"@type":"ListItem","position":2,"name":"Rejoignez nous !"}]},{"@type":"WebSite","@id":"https:\/\/mercredisdeneige.fr\/#website","url":"https:\/\/mercredisdeneige.fr\/","name":"Mercredis de neige - Pays de Gex","description":"Enseignement d\u00e9couverte et ski ludique pour tous les enfants du pays de gex !","publisher":{"@id":"https:\/\/mercredisdeneige.fr\/#organization"},"potentialAction":[{"@type":"SearchAction","target":{"@type":"EntryPoint","urlTemplate":"https:\/\/mercredisdeneige.fr\/?s={search_term_string}"},"query-input":{"@type":"PropertyValueSpecification","valueRequired":true,"valueName":"search_term_string"}}],"inLanguage":"en-US"},{"@type":"Organization","@id":"https:\/\/mercredisdeneige.fr\/#organization","name":"Mercredis de neige - Pays de Gex","url":"https:\/\/mercredisdeneige.fr\/","logo":{"@type":"ImageObject","inLanguage":"en-US","@id":"https:\/\/mercredisdeneige.fr\/#\/schema\/logo\/image\/","url":"http:\/\/mercredisdeneige.fr\/wp-content\/uploads\/2025\/04\/Logo-rouge-transparent-1.png","contentUrl":"http:\/\/mercredisdeneige.fr\/wp-content\/uploads\/2025\/04\/Logo-rouge-transparent-1.png","width":1934,"height":1087,"caption":"Mercredis de neige - Pays de Gex"},"image":{"@id":"https:\/\/mercredisdeneige.fr\/#\/schema\/logo\/image\/"},"sameAs":["https:\/\/www.facebook.com\/profile.php?id=61575116147025","https:\/\/www.instagram.com\/mercredis_de_neige_pays_de_gex\/"]}]}},"_links":{"self":[{"href":"https:\/\/mercredisdeneige.fr\/index.php?rest_route=\/wp\/v2\/pages\/36","targetHints":{"allow":["GET"]}}],"collection":[{"href":"https:\/\/mercredisdeneige.fr\/index.php?rest_route=\/wp\/v2\/pages"}],"about":[{"href":"https:\/\/mercredisdeneige.fr\/index.php?rest_route=\/wp\/v2\/types\/page"}],"author":[{"embeddable":true,"href":"https:\/\/mercredisdeneige.fr\/index.php?rest_route=\/wp\/v2\/users\/1"}],"replies":[{"embeddable":true,"href":"https:\/\/mercredisdeneige.fr\/index.php?rest_route=%2Fwp%2Fv2%2Fcomments&post=36"}],"version-history":[{"count":4,"href":"https:\/\/mercredisdeneige.fr\/index.php?rest_route=\/wp\/v2\/pages\/36\/revisions"}],"predecessor-version":[{"id":111,"href":"https:\/\/mercredisdeneige.fr\/index.php?rest_route=\/wp\/v2\/pages\/36\/revisions\/111"}],"wp:attachment":[{"href":"https:\/\/mercredisdeneige.fr\/index.php?rest_route=%2Fwp%2Fv2%2Fmedia&parent=36"}],"curies":[{"name":"wp","href":"https:\/\/api.w.org\/{rel}","templated":true}]}}