{"id":41,"date":"2025-04-21T14:18:26","date_gmt":"2025-04-21T12:18:26","guid":{"rendered":"http:\/\/mercredisdeneige.fr\/?page_id=41"},"modified":"2025-09-15T08:16:36","modified_gmt":"2025-09-15T06:16:36","slug":"inscription","status":"publish","type":"page","link":"https:\/\/mercredisdeneige.fr\/?page_id=41","title":{"rendered":"Inscription"},"content":{"rendered":"\n<p><a href=\"#Proc\u00e9dure\" data-type=\"internal\" data-id=\"#Proc\u00e9dure\">Proc\u00e9dure d&#8217;inscription<\/a><br><a href=\"#tarif\" data-type=\"internal\" data-id=\"#tarif\">Tarif<\/a> <\/p>\n\n\n\n<p><\/p>\n\n\n\n<h3 class=\"wp-block-heading\" id=\"Proc\u00e9dure\">Proc\u00e9dure d&#8217;inscription&nbsp;: <\/h3>\n\n\n\n<p>Les inscriptions se font lors de permanence d&#8217;inscription, au mois de Septembre 2025 : <\/p>\n\n\n\n<p>Permanences d\u2019inscription : <\/p>\n\n\n\n<ul class=\"wp-block-list\">\n<li><strong>Cessy<\/strong> : 16\/09\/2025 \u2013 16h30 \u00e0 18h30 \u2013 Petite salle du Vidolet<\/li>\n\n\n\n<li><strong>Gex <\/strong>: 17\/09\/2025 \u2013 16h30 \u00e0 18h30 \u2013 Salle Montrond, Gymnase du Turet<\/li>\n\n\n\n<li><strong>Versonnex<\/strong> : 25\/09\/2025 \u2013 17h \u00e0 19h \u2013 Ecole Yves de Tonnac<\/li>\n<\/ul>\n\n\n\n<p>Pour faciliter l&#8217;inscription d\u00e9finitive de votre enfant lors de votre venue \u00e0 une permanence d&#8217;inscription,&nbsp;veuillez SVP&nbsp;suivre la proc\u00e9dure suivante. Croyez-bien que nous nous effor\u00e7ons de r\u00e9duire au maximum les proc\u00e9dures administratives d&#8217;inscription mais celles-ci sont r\u00e9gies par des r\u00e9glementations malheureusement toujours plus contraignantes.<br>Voici donc la marche \u00e0 suivre :<\/p>\n\n\n\n<ol class=\"wp-block-list\">\n<li class=\"has-large-font-size\"><strong>T\u00e9l\u00e9charger, imprimer et remplisser le dossier d&#8217;inscription <\/strong>ci-dessous (1 par famille)<strong> :<\/strong><\/li>\n<\/ol>\n\n\n\n<div class=\"wp-block-buttons is-layout-flex wp-block-buttons-is-layout-flex\">\n<div class=\"wp-block-button\"><a class=\"wp-block-button__link wp-element-button\" href=\"http:\/\/mercredisdeneige.fr\/wp-content\/uploads\/2025\/08\/MERCREDIS-DE-NEIGE-inscription-2025-2026.pdf\" target=\"_blank\" rel=\"noreferrer noopener\">Inscription \/ R\u00e9inscription<\/a><\/div>\n<\/div>\n\n\n\n<p><\/p>\n\n\n\n<ol start=\"2\" class=\"wp-block-list\">\n<li class=\"has-large-font-size\"><strong>Adh\u00e9sion UFOLEP <\/strong>pour chaque enfant inscrit :<\/li>\n<\/ol>\n\n\n\n<h6 class=\"wp-block-heading\">Pour les nouveaux inscrits seulement :<\/h6>\n\n\n\n<ul class=\"wp-block-list\">\n<li>1<strong>&nbsp;exemplaire&nbsp;<\/strong>du bulletin d\u2019adh\u00e9sion \u00e0 l&#8217;UFOLEP : T\u00e9l\u00e9charger et renseigner l<strong>es informations relatives \u00e0 l\u2019enfant<\/strong>, dat\u00e9 et sign\u00e9 dans le cadre \u00ab Date et signature obligatoire du licenci\u00e9 R1-R2-R3-R5-R6 \u00bb.<\/li>\n<\/ul>\n\n\n\n<div class=\"wp-block-buttons is-layout-flex wp-block-buttons-is-layout-flex\">\n<div class=\"wp-block-button\"><a class=\"wp-block-button__link wp-element-button\" href=\"https:\/\/mercredisdeneige.fr\/wp-content\/uploads\/2025\/08\/25-26-Demande_Licence_Ufolep_papier.pdf\" target=\"_blank\" rel=\"noreferrer noopener\">Formulaire adh\u00e9sion UFOLEP &#8211; Nouveaux inscrits<\/a><\/div>\n<\/div>\n\n\n\n<h6 class=\"wp-block-heading\">Pour les enfants d\u00e9j\u00e0 inscrits les ann\u00e9es pr\u00e9c\u00e9dentes :<\/h6>\n\n\n\n<ul class=\"wp-block-list\">\n<li>Aller sur le site <a href=\"http:\/\/www.affiligue.org\" target=\"_blank\" rel=\"noreferrer noopener\">www.affiligue.org<\/a>, mettre votre num\u00e9ro de licence comme identifiant et suivre les instructions afin de valider par une signature \u00e9lectronique. En cas de souci vous pouvez nous contacter&nbsp;\u00e0&nbsp;<a href=\"mailto:inscription@mercredisdeneige.fr\" target=\"_blank\" rel=\"noreferrer noopener\">inscription@mercredisdeneige.fr<\/a>.<\/li>\n<\/ul>\n\n\n\n<div class=\"wp-block-buttons is-layout-flex wp-block-buttons-is-layout-flex\">\n<div class=\"wp-block-button\"><a class=\"wp-block-button__link wp-element-button\" href=\"https:\/\/mercredisdeneige.fr\/wp-content\/uploads\/2025\/08\/Renouveler_licence_UFOLEP.pdf\" target=\"_blank\" rel=\"noreferrer noopener\">Tutoriel Renouvellement Licence UFOLEP<\/a><\/div>\n<\/div>\n\n\n\n<p><\/p>\n\n\n\n<ol start=\"4\" class=\"wp-block-list\">\n<li class=\"has-large-font-size\"><strong>Questionnaire de sant\u00e9<\/strong> :<\/li>\n<\/ol>\n\n\n\n<ul class=\"wp-block-list\">\n<li>Ne pas retourner le questionnaire m\u00e9dical mais fournir un certificat m\u00e9dical en cas de r\u00e9ponse positive \u00e0 une question.<\/li>\n<\/ul>\n\n\n\n<div class=\"wp-block-buttons is-layout-flex wp-block-buttons-is-layout-flex\">\n<div class=\"wp-block-button\"><a class=\"wp-block-button__link wp-element-button\" href=\"https:\/\/mercredisdeneige.fr\/wp-content\/uploads\/2025\/08\/25-26-Questionnaire_de_sante_mineur.pdf\" target=\"_blank\" rel=\"noreferrer noopener\">Questionnaire de sant\u00e9 Enfants<\/a><\/div>\n\n\n\n<div class=\"wp-block-button\"><a class=\"wp-block-button__link wp-element-button\" href=\"https:\/\/mercredisdeneige.fr\/wp-content\/uploads\/2025\/08\/25-26-Questionnaire_de_sante_Adulte.pdf\" target=\"_blank\" rel=\"noreferrer noopener\">Questionnaire de sant\u00e9 Adultes<\/a><\/div>\n<\/div>\n\n\n\n<p><\/p>\n\n\n\n<ol start=\"5\" class=\"wp-block-list\">\n<li class=\"has-large-font-size\"><strong>Documents \u00e0 joindre<\/strong> au dossier d&#8217;inscription :<\/li>\n<\/ol>\n\n\n\n<ul class=\"wp-block-list\">\n<li><strong>Photocopie du carnet ESF<\/strong> ou autre titre obtenu validant le niveau de l\u2019enfant. <\/li>\n\n\n\n<li>Si vous choisissez l&#8217;option pour un <strong>forfait saison<\/strong>, merci de fournir \u00e9galement un <strong>photo d&#8217;identit\u00e9<\/strong> par personne et une enveloppe&nbsp;timbr\u00e9e et libell\u00e9e \u00e0 vos nom et adresse par famille.<\/li>\n\n\n\n<li>R\u00e8glement de l\u2019inscription en&nbsp;<strong>Esp\u00e8ces<\/strong>,&nbsp;<strong>Ch\u00e8ques Vacances&nbsp;<\/strong>ou par&nbsp;<strong>Ch\u00e8que&nbsp;<\/strong>\u00e9tabli \u00e0 l\u2019ordre des Mercredis de Neige &#8211; Pays de Gex.<\/li>\n<\/ul>\n\n\n\n<p><\/p>\n\n\n\n<h3 class=\"wp-block-heading\" id=\"tarif\">Tarif saison 2025-2026<\/h3>\n\n\n\n<p>Les tarifs de la saison 2025-2026 sont de <strong>300 \u20ac<\/strong> par enfant, avec une r\u00e9duction pouvant aller jusqu&#8217;\u00e0&nbsp;<strong>50 \u20ac<\/strong>&nbsp;pour les enfants r\u00e9sidents dans les communes subventionnant les Mercredis de Neige &#8211; Pays de Gex&nbsp;(voir dossier d&#8217;inscription).<br>Le prix inclut l&#8217;adh\u00e9sion \u00e0 l&#8217;association, les transports, les moniteur ESF\/ESI, l\u2019assurance et les forfaits pour les sorties du club. Vous avez la possibilit\u00e9 de choisir une option &#8220;forfait saison&#8221; (<strong>Monts-Jura \u00e0 110<\/strong> <strong>\u20ac<\/strong> ou <strong>MagicPass \u00e0 175 \u20ac<\/strong>). <\/p>\n\n\n\n<p>Le forfait Saison Monts-Jura est valable tous les jours de la saison sur tous les sites des Monts Jura. Le forfait MagicPass est un forfait saison valable sur pr\u00e8s de 100 stations en France (dont les Monts-Jura) et en Suisse. <a href=\"http:\/\/www.magicpass.ch\" target=\"_blank\" rel=\"noreferrer noopener\">www.magicpass.ch<\/a><\/p>\n\n\n\n<p>L\u2019assurance est valable \u00e9galement pour les sorties priv\u00e9es.<\/p>\n\n\n\n<p>Le dossier d\u2019inscription complet devra \u00eatre remis lors de l\u2019une des permanences d\u2019inscription<a data-type=\"link\" data-id=\"mercredisdeneige.fr\/#Actualit\u00e9\" href=\"http:\/\/mercredisdeneige.fr\/#Actualit\u00e9\" target=\"_blank\" rel=\"noreferrer noopener\"> <\/a><\/p>\n\n\n\n<ul class=\"wp-block-list\">\n<li><strong>Versonnex<\/strong> : 25\/09\/2025 \u2013 17h \u00e0 19h \u2013 Ecole Yves de Tonnac<\/li>\n\n\n\n<li><strong>Cessy<\/strong> : 16\/09\/2025 \u2013 16h30 \u00e0 18h30 \u2013 Petite salle du Vidolet<\/li>\n\n\n\n<li><strong>Gex <\/strong>: 17\/09\/2025 \u2013 16h30 \u00e0 18h30 \u2013 Salle Montrond, Gymnase du Turet<\/li>\n<\/ul>\n\n\n\n<p><strong>Validation de l&#8217;inscription<\/strong>&nbsp;: Dans tous les cas, l\u2019inscription ne sera effective qu\u2019\u00e0 r\u00e9ception du dossier&nbsp;<strong>complet<\/strong>,&nbsp;<strong>et dans la limite des places disponibles conditionn\u00e9 par le nombre d\u2019encadrants b\u00e9n\u00e9voles. N&#8217;h\u00e9sitez pas \u00e0 vous inscrire en tant qu&#8217;encadrant b\u00e9n\u00e9vole afin que nous puissions proposer plus de places (vos enfants seront prioritaires).<\/strong><\/p>\n\n\n\n<p><\/p>\n","protected":false},"excerpt":{"rendered":"<p>Proc\u00e9dure d&#8217;inscriptionTarif Proc\u00e9dure d&#8217;inscription&nbsp;: Les inscriptions se font lors de permanence d&#8217;inscription, au mois de Septembre 2025 : Permanences d\u2019inscription : Pour faciliter l&#8217;inscription d\u00e9finitive [&hellip;]<\/p>\n","protected":false},"author":1,"featured_media":0,"parent":0,"menu_order":0,"comment_status":"closed","ping_status":"closed","template":"","meta":{"footnotes":""},"class_list":["post-41","page","type-page","status-publish","hentry"],"yoast_head":"<!-- This site is optimized with the Yoast SEO plugin v25.8 - https:\/\/yoast.com\/wordpress\/plugins\/seo\/ -->\n<title>Inscription - Accueil<\/title>\n<meta name=\"description\" content=\"Ski Club Gex Enfants p\u00e9riscolaire neige jura cessy activit\u00e9 mercredi cours enfant faucille loisir groupe esf m\u00e9daille \u00e9toile flocon ourson\" \/>\n<meta name=\"robots\" content=\"index, follow, max-snippet:-1, max-image-preview:large, max-video-preview:-1\" \/>\n<link rel=\"canonical\" href=\"https:\/\/mercredisdeneige.fr\/?page_id=41\" \/>\n<meta property=\"og:locale\" content=\"en_US\" \/>\n<meta property=\"og:type\" content=\"article\" \/>\n<meta property=\"og:title\" content=\"Inscription - Accueil\" \/>\n<meta property=\"og:description\" content=\"Ski Club Gex Enfants p\u00e9riscolaire neige jura cessy activit\u00e9 mercredi cours enfant faucille loisir groupe esf m\u00e9daille \u00e9toile flocon ourson\" \/>\n<meta property=\"og:url\" content=\"https:\/\/mercredisdeneige.fr\/?page_id=41\" \/>\n<meta property=\"og:site_name\" content=\"Accueil\" \/>\n<meta property=\"article:publisher\" content=\"https:\/\/www.facebook.com\/profile.php?id=61575116147025\" \/>\n<meta property=\"article:modified_time\" content=\"2025-09-15T06:16:36+00:00\" \/>\n<meta property=\"og:image\" content=\"https:\/\/mercredisdeneige.fr\/wp-content\/uploads\/2025\/04\/Logo-rouge-transparent-1.png\" \/>\n\t<meta property=\"og:image:width\" content=\"1934\" \/>\n\t<meta property=\"og:image:height\" content=\"1087\" \/>\n\t<meta property=\"og:image:type\" content=\"image\/png\" \/>\n<meta name=\"twitter:card\" content=\"summary_large_image\" \/>\n<meta name=\"twitter:label1\" content=\"Est. reading time\" \/>\n\t<meta name=\"twitter:data1\" content=\"3 minutes\" \/>\n<script type=\"application\/ld+json\" class=\"yoast-schema-graph\">{\"@context\":\"https:\/\/schema.org\",\"@graph\":[{\"@type\":\"WebPage\",\"@id\":\"https:\/\/mercredisdeneige.fr\/?page_id=41\",\"url\":\"https:\/\/mercredisdeneige.fr\/?page_id=41\",\"name\":\"Inscription - Accueil\",\"isPartOf\":{\"@id\":\"https:\/\/mercredisdeneige.fr\/#website\"},\"datePublished\":\"2025-04-21T12:18:26+00:00\",\"dateModified\":\"2025-09-15T06:16:36+00:00\",\"description\":\"Ski Club Gex Enfants p\u00e9riscolaire neige jura cessy activit\u00e9 mercredi cours enfant faucille loisir groupe esf m\u00e9daille \u00e9toile flocon ourson\",\"breadcrumb\":{\"@id\":\"https:\/\/mercredisdeneige.fr\/?page_id=41#breadcrumb\"},\"inLanguage\":\"en-US\",\"potentialAction\":[{\"@type\":\"ReadAction\",\"target\":[\"https:\/\/mercredisdeneige.fr\/?page_id=41\"]}]},{\"@type\":\"BreadcrumbList\",\"@id\":\"https:\/\/mercredisdeneige.fr\/?page_id=41#breadcrumb\",\"itemListElement\":[{\"@type\":\"ListItem\",\"position\":1,\"name\":\"Accueil\",\"item\":\"https:\/\/mercredisdeneige.fr\/\"},{\"@type\":\"ListItem\",\"position\":2,\"name\":\"Inscription\"}]},{\"@type\":\"WebSite\",\"@id\":\"https:\/\/mercredisdeneige.fr\/#website\",\"url\":\"https:\/\/mercredisdeneige.fr\/\",\"name\":\"Mercredis de neige - Pays de Gex\",\"description\":\"Enseignement d\u00e9couverte et ski ludique pour tous les enfants du pays de gex !\",\"publisher\":{\"@id\":\"https:\/\/mercredisdeneige.fr\/#organization\"},\"potentialAction\":[{\"@type\":\"SearchAction\",\"target\":{\"@type\":\"EntryPoint\",\"urlTemplate\":\"https:\/\/mercredisdeneige.fr\/?s={search_term_string}\"},\"query-input\":{\"@type\":\"PropertyValueSpecification\",\"valueRequired\":true,\"valueName\":\"search_term_string\"}}],\"inLanguage\":\"en-US\"},{\"@type\":\"Organization\",\"@id\":\"https:\/\/mercredisdeneige.fr\/#organization\",\"name\":\"Mercredis de neige - Pays de Gex\",\"url\":\"https:\/\/mercredisdeneige.fr\/\",\"logo\":{\"@type\":\"ImageObject\",\"inLanguage\":\"en-US\",\"@id\":\"https:\/\/mercredisdeneige.fr\/#\/schema\/logo\/image\/\",\"url\":\"http:\/\/mercredisdeneige.fr\/wp-content\/uploads\/2025\/04\/Logo-rouge-transparent-1.png\",\"contentUrl\":\"http:\/\/mercredisdeneige.fr\/wp-content\/uploads\/2025\/04\/Logo-rouge-transparent-1.png\",\"width\":1934,\"height\":1087,\"caption\":\"Mercredis de neige - Pays de Gex\"},\"image\":{\"@id\":\"https:\/\/mercredisdeneige.fr\/#\/schema\/logo\/image\/\"},\"sameAs\":[\"https:\/\/www.facebook.com\/profile.php?id=61575116147025\",\"https:\/\/www.instagram.com\/mercredis_de_neige_pays_de_gex\/\"]}]}<\/script>\n<!-- \/ Yoast SEO plugin. -->","yoast_head_json":{"title":"Inscription - Accueil","description":"Ski Club Gex Enfants p\u00e9riscolaire neige jura cessy activit\u00e9 mercredi cours enfant faucille loisir groupe esf m\u00e9daille \u00e9toile flocon ourson","robots":{"index":"index","follow":"follow","max-snippet":"max-snippet:-1","max-image-preview":"max-image-preview:large","max-video-preview":"max-video-preview:-1"},"canonical":"https:\/\/mercredisdeneige.fr\/?page_id=41","og_locale":"en_US","og_type":"article","og_title":"Inscription - Accueil","og_description":"Ski Club Gex Enfants p\u00e9riscolaire neige jura cessy activit\u00e9 mercredi cours enfant faucille loisir groupe esf m\u00e9daille \u00e9toile flocon ourson","og_url":"https:\/\/mercredisdeneige.fr\/?page_id=41","og_site_name":"Accueil","article_publisher":"https:\/\/www.facebook.com\/profile.php?id=61575116147025","article_modified_time":"2025-09-15T06:16:36+00:00","og_image":[{"width":1934,"height":1087,"url":"https:\/\/mercredisdeneige.fr\/wp-content\/uploads\/2025\/04\/Logo-rouge-transparent-1.png","type":"image\/png"}],"twitter_card":"summary_large_image","twitter_misc":{"Est. reading time":"3 minutes"},"schema":{"@context":"https:\/\/schema.org","@graph":[{"@type":"WebPage","@id":"https:\/\/mercredisdeneige.fr\/?page_id=41","url":"https:\/\/mercredisdeneige.fr\/?page_id=41","name":"Inscription - Accueil","isPartOf":{"@id":"https:\/\/mercredisdeneige.fr\/#website"},"datePublished":"2025-04-21T12:18:26+00:00","dateModified":"2025-09-15T06:16:36+00:00","description":"Ski Club Gex Enfants p\u00e9riscolaire neige jura cessy activit\u00e9 mercredi cours enfant faucille loisir groupe esf m\u00e9daille \u00e9toile flocon ourson","breadcrumb":{"@id":"https:\/\/mercredisdeneige.fr\/?page_id=41#breadcrumb"},"inLanguage":"en-US","potentialAction":[{"@type":"ReadAction","target":["https:\/\/mercredisdeneige.fr\/?page_id=41"]}]},{"@type":"BreadcrumbList","@id":"https:\/\/mercredisdeneige.fr\/?page_id=41#breadcrumb","itemListElement":[{"@type":"ListItem","position":1,"name":"Accueil","item":"https:\/\/mercredisdeneige.fr\/"},{"@type":"ListItem","position":2,"name":"Inscription"}]},{"@type":"WebSite","@id":"https:\/\/mercredisdeneige.fr\/#website","url":"https:\/\/mercredisdeneige.fr\/","name":"Mercredis de neige - Pays de Gex","description":"Enseignement d\u00e9couverte et ski ludique pour tous les enfants du pays de gex !","publisher":{"@id":"https:\/\/mercredisdeneige.fr\/#organization"},"potentialAction":[{"@type":"SearchAction","target":{"@type":"EntryPoint","urlTemplate":"https:\/\/mercredisdeneige.fr\/?s={search_term_string}"},"query-input":{"@type":"PropertyValueSpecification","valueRequired":true,"valueName":"search_term_string"}}],"inLanguage":"en-US"},{"@type":"Organization","@id":"https:\/\/mercredisdeneige.fr\/#organization","name":"Mercredis de neige - Pays de Gex","url":"https:\/\/mercredisdeneige.fr\/","logo":{"@type":"ImageObject","inLanguage":"en-US","@id":"https:\/\/mercredisdeneige.fr\/#\/schema\/logo\/image\/","url":"http:\/\/mercredisdeneige.fr\/wp-content\/uploads\/2025\/04\/Logo-rouge-transparent-1.png","contentUrl":"http:\/\/mercredisdeneige.fr\/wp-content\/uploads\/2025\/04\/Logo-rouge-transparent-1.png","width":1934,"height":1087,"caption":"Mercredis de neige - Pays de Gex"},"image":{"@id":"https:\/\/mercredisdeneige.fr\/#\/schema\/logo\/image\/"},"sameAs":["https:\/\/www.facebook.com\/profile.php?id=61575116147025","https:\/\/www.instagram.com\/mercredis_de_neige_pays_de_gex\/"]}]}},"_links":{"self":[{"href":"https:\/\/mercredisdeneige.fr\/index.php?rest_route=\/wp\/v2\/pages\/41","targetHints":{"allow":["GET"]}}],"collection":[{"href":"https:\/\/mercredisdeneige.fr\/index.php?rest_route=\/wp\/v2\/pages"}],"about":[{"href":"https:\/\/mercredisdeneige.fr\/index.php?rest_route=\/wp\/v2\/types\/page"}],"author":[{"embeddable":true,"href":"https:\/\/mercredisdeneige.fr\/index.php?rest_route=\/wp\/v2\/users\/1"}],"replies":[{"embeddable":true,"href":"https:\/\/mercredisdeneige.fr\/index.php?rest_route=%2Fwp%2Fv2%2Fcomments&post=41"}],"version-history":[{"count":19,"href":"https:\/\/mercredisdeneige.fr\/index.php?rest_route=\/wp\/v2\/pages\/41\/revisions"}],"predecessor-version":[{"id":173,"href":"https:\/\/mercredisdeneige.fr\/index.php?rest_route=\/wp\/v2\/pages\/41\/revisions\/173"}],"wp:attachment":[{"href":"https:\/\/mercredisdeneige.fr\/index.php?rest_route=%2Fwp%2Fv2%2Fmedia&parent=41"}],"curies":[{"name":"wp","href":"https:\/\/api.w.org\/{rel}","templated":true}]}}